{"id":6,"date":"2019-10-14T10:25:14","date_gmt":"2019-10-14T08:25:14","guid":{"rendered":"http:\/\/agiravecvouspourlequesnoy.fr\/?page_id=6"},"modified":"2021-03-31T18:10:53","modified_gmt":"2021-03-31T16:10:53","slug":"le-temps-de-laction","status":"publish","type":"page","link":"https:\/\/agiravecvouspourlequesnoy.fr\/?page_id=6","title":{"rendered":"Le temps de l&#8217;action"},"content":{"rendered":"\t\t<div data-elementor-type=\"wp-page\" data-elementor-id=\"6\" class=\"elementor elementor-6\" data-elementor-settings=\"[]\">\n\t\t\t\t\t\t<div class=\"elementor-inner\">\n\t\t\t\t\t\t\t<div class=\"elementor-section-wrap\">\n\t\t\t\t\t\t\t<section class=\"elementor-section elementor-top-section elementor-element elementor-element-2c0f16a elementor-section-boxed elementor-section-height-default elementor-section-height-default\" data-id=\"2c0f16a\" data-element_type=\"section\">\n\t\t\t\t\t\t<div class=\"elementor-container elementor-column-gap-default\">\n\t\t\t\t\t\t\t<div class=\"elementor-row\">\n\t\t\t\t\t<div class=\"elementor-column elementor-col-100 elementor-top-column elementor-element elementor-element-5396954\" data-id=\"5396954\" data-element_type=\"column\">\n\t\t\t<div class=\"elementor-column-wrap elementor-element-populated\">\n\t\t\t\t\t\t\t<div class=\"elementor-widget-wrap\">\n\t\t\t\t\t\t<div class=\"elementor-element elementor-element-0bf57de elementor-widget elementor-widget-heading\" data-id=\"0bf57de\" data-element_type=\"widget\" data-widget_type=\"heading.default\">\n\t\t\t\t<div class=\"elementor-widget-container\">\n\t\t\t<h2 class=\"elementor-heading-title elementor-size-default\"><h1 style=\"font-variant-ligatures: normal; font-variant-caps: normal; font-style: normal; white-space: normal; text-align: center;\"><span style=\"font-size: 23px; font-weight: 600;\">LE TEMPS DE L\u2019ACTION CITOYENNE EST VENU...<\/span><br><span style=\"font-size: 23px; font-weight: 600;\">PARCE QUE DES D\u00c9FIS COLLECTIFS SONT \u00c0 RELEVER...<\/span><\/h1><\/h2>\t\t<\/div>\n\t\t\t\t<\/div>\n\t\t\t\t\t\t<\/div>\n\t\t\t\t\t<\/div>\n\t\t<\/div>\n\t\t\t\t\t\t\t\t<\/div>\n\t\t\t\t\t<\/div>\n\t\t<\/section>\n\t\t\t\t<section class=\"elementor-section elementor-top-section elementor-element elementor-element-c008b88 elementor-section-boxed elementor-section-height-default elementor-section-height-default\" data-id=\"c008b88\" data-element_type=\"section\">\n\t\t\t\t\t\t<div class=\"elementor-container elementor-column-gap-default\">\n\t\t\t\t\t\t\t<div class=\"elementor-row\">\n\t\t\t\t\t<div class=\"elementor-column elementor-col-50 elementor-top-column elementor-element elementor-element-517e309\" data-id=\"517e309\" data-element_type=\"column\">\n\t\t\t<div class=\"elementor-column-wrap elementor-element-populated\">\n\t\t\t\t\t\t\t<div class=\"elementor-widget-wrap\">\n\t\t\t\t\t\t<div class=\"elementor-element elementor-element-cba25bb elementor-widget elementor-widget-text-editor\" data-id=\"cba25bb\" data-element_type=\"widget\" data-widget_type=\"text-editor.default\">\n\t\t\t\t<div class=\"elementor-widget-container\">\n\t\t\t\t\t<div class=\"elementor-text-editor elementor-clearfix\"><p><b>Notre mod\u00e8le de d\u00e9veloppement est en crise<\/b>.<br \/><span style=\"font-size: 14px;\">Il g\u00e9n\u00e8re lui-m\u00eame les difficult\u00e9s sociales et in\u00e9galit\u00e9s\u00a0<\/span><span style=\"font-size: 14px;\">auxquelles font face certains de nos concitoyens. Notre mode de consommation engendre des impacts sur le\u00a0<\/span><span style=\"font-size: 14px;\">climat, la sant\u00e9, la biodiversit\u00e9 et nos paysages. Ces cons\u00e9quences ont un co\u00fbt pour chacun d\u2019entre nous mais\u00a0<\/span><span style=\"font-size: 14px;\">frappent davantage les plus fragiles !<\/span><\/p><\/div>\n\t\t\t\t<\/div>\n\t\t\t\t<\/div>\n\t\t\t\t\t\t<\/div>\n\t\t\t\t\t<\/div>\n\t\t<\/div>\n\t\t\t\t<div class=\"elementor-column elementor-col-50 elementor-top-column elementor-element elementor-element-d105375\" data-id=\"d105375\" data-element_type=\"column\">\n\t\t\t<div class=\"elementor-column-wrap elementor-element-populated\">\n\t\t\t\t\t\t\t<div class=\"elementor-widget-wrap\">\n\t\t\t\t\t\t<div class=\"elementor-element elementor-element-576d7ab elementor-widget elementor-widget-text-editor\" data-id=\"576d7ab\" data-element_type=\"widget\" data-widget_type=\"text-editor.default\">\n\t\t\t\t<div class=\"elementor-widget-container\">\n\t\t\t\t\t<div class=\"elementor-text-editor elementor-clearfix\"><p><span style=\"font-size: 14px;\">Les transformations majeures en cours, technologiques, num\u00e9riques, \u00e9conomiques,\u00a0<span style=\"font-family: Roboto, sans-serif; font-size: 14px; font-style: normal; font-variant-ligatures: normal; font-variant-caps: normal; font-weight: 400; text-align: right;\">territoriales, sociologiques\u2026, offrent de nouvelles opportunit\u00e9s d\u2019activit\u00e9s et d\u2019emplois,\u00a0<\/span><span style=\"font-family: Roboto, sans-serif; font-size: 14px; font-style: normal; font-variant-ligatures: normal; font-variant-caps: normal; font-weight: 400; text-align: right;\">entra\u00eenent de nouveaux comportements et influencent nos modes de vie. Mais elles\u00a0<\/span><span style=\"font-family: Roboto, sans-serif; font-size: 14px; font-style: normal; font-variant-ligatures: normal; font-variant-caps: normal; font-weight: 400; text-align: right;\">cr\u00e9ent aussi des risques croissants de marginalisation.<\/span><\/span><\/p><\/div>\n\t\t\t\t<\/div>\n\t\t\t\t<\/div>\n\t\t\t\t\t\t<\/div>\n\t\t\t\t\t<\/div>\n\t\t<\/div>\n\t\t\t\t\t\t\t\t<\/div>\n\t\t\t\t\t<\/div>\n\t\t<\/section>\n\t\t\t\t<section class=\"elementor-section elementor-top-section elementor-element elementor-element-9f7d980 elementor-section-boxed elementor-section-height-default elementor-section-height-default\" data-id=\"9f7d980\" data-element_type=\"section\">\n\t\t\t\t\t\t<div class=\"elementor-container elementor-column-gap-default\">\n\t\t\t\t\t\t\t<div class=\"elementor-row\">\n\t\t\t\t\t<div class=\"elementor-column elementor-col-100 elementor-top-column elementor-element elementor-element-11bdf9f\" data-id=\"11bdf9f\" data-element_type=\"column\">\n\t\t\t<div class=\"elementor-column-wrap elementor-element-populated\">\n\t\t\t\t\t\t\t<div class=\"elementor-widget-wrap\">\n\t\t\t\t\t\t<div class=\"elementor-element elementor-element-208f5f2 elementor-widget elementor-widget-text-editor\" data-id=\"208f5f2\" data-element_type=\"widget\" data-widget_type=\"text-editor.default\">\n\t\t\t\t<div class=\"elementor-widget-container\">\n\t\t\t\t\t<div class=\"elementor-text-editor elementor-clearfix\"><p style=\"text-align: left;\"><span style=\"font-variant-ligatures: normal; font-variant-caps: normal; font-family: Roboto, sans-serif; font-size: 14px; font-style: normal; font-weight: bold; text-align: justify;\">Notre commune n\u2019\u00e9chappe pas \u00e0 ces bouleversements<\/span><span style=\"font-family: Roboto, sans-serif; font-size: 14px; font-style: normal; font-variant-ligatures: normal; font-variant-caps: normal; font-weight: 400; text-align: justify;\">, chacun peut le\u00a0<\/span><span style=\"font-variant-ligatures: normal; font-variant-caps: normal; font-family: Roboto, sans-serif; font-size: 14px; font-style: normal; font-weight: 400; text-align: justify;\">constater ; elle est confront\u00e9e \u00e0 la r\u00e9duction des services publics et des commerces\u00a0<\/span><span style=\"font-variant-ligatures: normal; font-variant-caps: normal; font-family: Roboto, sans-serif; font-size: 14px; font-style: normal; font-weight: 400; text-align: justify;\">de proximit\u00e9, \u00e0 la concurrence d\u2019autres territoires ; elle doit donc anticiper des\u00a0<\/span><span style=\"font-variant-ligatures: normal; font-variant-caps: normal; font-family: Roboto, sans-serif; font-size: 14px; font-style: normal; font-weight: 400; text-align: justify;\">\u00e9quipements utiles \u00e0 tous, s\u00e9duire les investisseurs, veiller surtout \u00e0 l\u2019indispensable\u00a0<\/span><span style=\"font-variant-ligatures: normal; font-variant-caps: normal; font-family: Roboto, sans-serif; font-size: 14px; font-style: normal; font-weight: 400; text-align: justify;\">coh\u00e9sion sociale.<\/span><\/p><p style=\"text-align: right;\"><span style=\"font-variant-ligatures: normal; font-variant-caps: normal; font-family: Roboto, sans-serif; font-size: 14px; font-style: normal; font-weight: 400; text-align: justify; color: #339966;\"><span style=\"font-size: 14px; font-weight: bold;\">Toutes ces urgences nous imposent d\u2019agir d\u00e8s \u00e0 pr\u00e9sent\u00a0<\/span><\/span><span style=\"font-variant-ligatures: normal; font-variant-caps: normal; font-family: Roboto, sans-serif; font-size: 14px; font-style: normal; font-weight: bold; text-align: justify; color: #339966;\">et d\u2019inscrire dans le calendrier local l\u2019enjeu du d\u00e9veloppement\u00a0<\/span><span style=\"font-variant-ligatures: normal; font-variant-caps: normal; font-family: Roboto, sans-serif; font-size: 14px; font-style: normal; font-weight: bold; text-align: justify; color: #339966;\">durable et du vivre mieux !<\/span><span style=\"font-variant-ligatures: normal; font-variant-caps: normal; font-family: Roboto, sans-serif; font-size: 14px; font-style: normal; font-weight: 400; text-align: justify;\"><br \/><\/span><\/p><\/div>\n\t\t\t\t<\/div>\n\t\t\t\t<\/div>\n\t\t\t\t\t\t<\/div>\n\t\t\t\t\t<\/div>\n\t\t<\/div>\n\t\t\t\t\t\t\t\t<\/div>\n\t\t\t\t\t<\/div>\n\t\t<\/section>\n\t\t\t\t<section class=\"elementor-section elementor-top-section elementor-element elementor-element-4e5a463 elementor-section-boxed elementor-section-height-default elementor-section-height-default\" data-id=\"4e5a463\" data-element_type=\"section\">\n\t\t\t\t\t\t<div class=\"elementor-container elementor-column-gap-default\">\n\t\t\t\t\t\t\t<div class=\"elementor-row\">\n\t\t\t\t\t<div class=\"elementor-column elementor-col-50 elementor-top-column elementor-element elementor-element-07d09f3\" data-id=\"07d09f3\" data-element_type=\"column\">\n\t\t\t<div class=\"elementor-column-wrap elementor-element-populated\">\n\t\t\t\t\t\t\t<div class=\"elementor-widget-wrap\">\n\t\t\t\t\t\t<div class=\"elementor-element elementor-element-a44a836 elementor-widget elementor-widget-image\" data-id=\"a44a836\" data-element_type=\"widget\" data-widget_type=\"image.default\">\n\t\t\t\t<div class=\"elementor-widget-container\">\n\t\t\t\t\t<div class=\"elementor-image\">\n\t\t\t\t\t\t\t\t\t\t\t<a href=\"http:\/\/agiravecvouspourlequesnoy.fr\/wp-content\/uploads\/2019\/10\/Carte-de-passage-recto-et-verso-19-10-19-1.jpg\" data-elementor-open-lightbox=\"yes\" data-elementor-lightbox-title=\"Carte-de-passage-recto-et-verso--19-10-19-1\">\n\t\t\t\t\t\t\t<img width=\"298\" height=\"422\" src=\"https:\/\/agiravecvouspourlequesnoy.fr\/wp-content\/uploads\/2019\/10\/Carte-de-passage-recto-et-verso-19-10-19-1.jpg\" class=\"attachment-large size-large\" alt=\"\" loading=\"lazy\" srcset=\"https:\/\/agiravecvouspourlequesnoy.fr\/wp-content\/uploads\/2019\/10\/Carte-de-passage-recto-et-verso-19-10-19-1.jpg 298w, https:\/\/agiravecvouspourlequesnoy.fr\/wp-content\/uploads\/2019\/10\/Carte-de-passage-recto-et-verso-19-10-19-1-212x300.jpg 212w\" sizes=\"(max-width: 298px) 100vw, 298px\" \/>\t\t\t\t\t\t\t\t<\/a>\n\t\t\t\t\t\t\t\t\t\t\t<\/div>\n\t\t\t\t<\/div>\n\t\t\t\t<\/div>\n\t\t\t\t\t\t<\/div>\n\t\t\t\t\t<\/div>\n\t\t<\/div>\n\t\t\t\t<div class=\"elementor-column elementor-col-50 elementor-top-column elementor-element elementor-element-b5f43de\" data-id=\"b5f43de\" data-element_type=\"column\">\n\t\t\t<div class=\"elementor-column-wrap elementor-element-populated\">\n\t\t\t\t\t\t\t<div class=\"elementor-widget-wrap\">\n\t\t\t\t\t\t<div class=\"elementor-element elementor-element-93d1e45 elementor-widget elementor-widget-text-editor\" data-id=\"93d1e45\" data-element_type=\"widget\" data-widget_type=\"text-editor.default\">\n\t\t\t\t<div class=\"elementor-widget-container\">\n\t\t\t\t\t<div class=\"elementor-text-editor elementor-clearfix\"><p><strong>Fa<\/strong><b>ce \u00e0 cette situation et confront\u00e9s \u00e0 certaines postures\u00a0<\/b><span style=\"font-size: 14px;\"><b>politiques d\u00e9pass\u00e9es<\/b>, nous proposons d\u2019imaginer avec vous,\u00a0<\/span><span style=\"font-size: 14px;\">ce que pourrait \u00eatre comme v\u00e9ritable alternative, un\u00a0<\/span><span style=\"font-size: 14px;\">programme municipal associant dans un nouveau souffle,<b>\u00a0<\/b><\/span><span style=\"font-size: 14px;\"><b>citoyennet\u00e9, \u00e9cologie et solidarit\u00e9 !\u00a0<\/b><\/span><b style=\"font-size: 14px;\">Pour cela, nous mettons en avant<\/b><a style=\"font-size: 14px; background-color: #ffffff;\" href=\"https:\/\/agiravecvouspourlequesnoy.fr\/?page_id=15\" rel=\"noopener\"> <u>15 th\u00e9matiques\u00a0majeures<\/u><\/a><span style=\"font-size: 14px;\"><b>\u00a0dans le d\u00e9bat public.<\/b> Chacun d\u2019entre vous\u00a0<\/span><span style=\"font-size: 14px;\">est ainsi invit\u00e9 \u00e0 s\u2019exprimer librement \u00e0 travers un\u00a0<\/span><span style=\"font-size: 14px;\">questionnaire \u00a0<a href=\"https:\/\/agiravecvouspourlequesnoy.fr\/?page_id=403\">(<u>disponible en ligne et en t\u00e9l\u00e9chargement<\/u><\/a>).<\/span><\/p><p><span style=\"font-size: 14px;\">Vos contributions permettront d\u2019\u00e9changer, de d\u00e9battre et\u00a0<\/span><span style=\"font-size: 14px;\">d\u2019\u00e9laborer les propositions concr\u00e8tes d\u2019un programme\u00a0<\/span><span style=\"font-size: 14px;\">au service de l\u2019int\u00e9r\u00eat g\u00e9n\u00e9ral pour la liste que je conduirai\u00a0<\/span><span style=\"font-size: 14px;\">aux \u00e9lections municipales et communautaires en mars 2020.<\/span><\/p><\/div>\n\t\t\t\t<\/div>\n\t\t\t\t<\/div>\n\t\t\t\t<div class=\"elementor-element elementor-element-41004de elementor-widget elementor-widget-image\" data-id=\"41004de\" data-element_type=\"widget\" data-widget_type=\"image.default\">\n\t\t\t\t<div class=\"elementor-widget-container\">\n\t\t\t\t\t<div class=\"elementor-image\">\n\t\t\t\t\t\t\t\t\t\t<img width=\"1009\" height=\"473\" src=\"https:\/\/agiravecvouspourlequesnoy.fr\/wp-content\/uploads\/2019\/11\/freddy-manuscrit-1.png\" class=\"attachment-large size-large\" alt=\"\" loading=\"lazy\" srcset=\"https:\/\/agiravecvouspourlequesnoy.fr\/wp-content\/uploads\/2019\/11\/freddy-manuscrit-1.png 1009w, https:\/\/agiravecvouspourlequesnoy.fr\/wp-content\/uploads\/2019\/11\/freddy-manuscrit-1-300x141.png 300w, https:\/\/agiravecvouspourlequesnoy.fr\/wp-content\/uploads\/2019\/11\/freddy-manuscrit-1-768x360.png 768w\" sizes=\"(max-width: 1009px) 100vw, 1009px\" \/>\t\t\t\t\t\t\t\t\t\t\t<\/div>\n\t\t\t\t<\/div>\n\t\t\t\t<\/div>\n\t\t\t\t\t\t<\/div>\n\t\t\t\t\t<\/div>\n\t\t<\/div>\n\t\t\t\t\t\t\t\t<\/div>\n\t\t\t\t\t<\/div>\n\t\t<\/section>\n\t\t\t\t<section class=\"elementor-section elementor-top-section elementor-element elementor-element-6de2e27 elementor-section-boxed elementor-section-height-default elementor-section-height-default\" data-id=\"6de2e27\" data-element_type=\"section\">\n\t\t\t\t\t\t<div class=\"elementor-container elementor-column-gap-default\">\n\t\t\t\t\t\t\t<div class=\"elementor-row\">\n\t\t\t\t\t<div class=\"elementor-column elementor-col-100 elementor-top-column elementor-element elementor-element-3940a38\" data-id=\"3940a38\" data-element_type=\"column\">\n\t\t\t<div class=\"elementor-column-wrap elementor-element-populated\">\n\t\t\t\t\t\t\t<div class=\"elementor-widget-wrap\">\n\t\t\t\t\t\t<div class=\"elementor-element elementor-element-7cba0c5 elementor-widget elementor-widget-text-editor\" data-id=\"7cba0c5\" data-element_type=\"widget\" data-widget_type=\"text-editor.default\">\n\t\t\t\t<div class=\"elementor-widget-container\">\n\t\t\t\t\t<div class=\"elementor-text-editor elementor-clearfix\"><\/div>\n\t\t\t\t<\/div>\n\t\t\t\t<\/div>\n\t\t\t\t\t\t<\/div>\n\t\t\t\t\t<\/div>\n\t\t<\/div>\n\t\t\t\t\t\t\t\t<\/div>\n\t\t\t\t\t<\/div>\n\t\t<\/section>\n\t\t\t\t\t\t<\/div>\n\t\t\t\t\t\t<\/div>\n\t\t\t\t\t<\/div>\n\t\t","protected":false},"excerpt":{"rendered":"<p>LE TEMPS DE L\u2019ACTION CITOYENNE EST VENU&#8230;PARCE QUE DES D\u00c9FIS COLLECTIFS SONT \u00c0 RELEVER&#8230; Notre mod\u00e8le de d\u00e9veloppement est en crise.Il g\u00e9n\u00e8re lui-m\u00eame les difficult\u00e9s sociales et in\u00e9galit\u00e9s\u00a0auxquelles font face certains de nos concitoyens. Notre mode de consommation engendre des impacts sur le\u00a0climat, la sant\u00e9, la biodiversit\u00e9 et nos paysages. Ces cons\u00e9quences ont un co\u00fbt [&hellip;]<\/p>\n","protected":false},"author":2,"featured_media":0,"parent":0,"menu_order":0,"comment_status":"closed","ping_status":"closed","template":"","meta":[],"_links":{"self":[{"href":"https:\/\/agiravecvouspourlequesnoy.fr\/index.php?rest_route=\/wp\/v2\/pages\/6"}],"collection":[{"href":"https:\/\/agiravecvouspourlequesnoy.fr\/index.php?rest_route=\/wp\/v2\/pages"}],"about":[{"href":"https:\/\/agiravecvouspourlequesnoy.fr\/index.php?rest_route=\/wp\/v2\/types\/page"}],"author":[{"embeddable":true,"href":"https:\/\/agiravecvouspourlequesnoy.fr\/index.php?rest_route=\/wp\/v2\/users\/2"}],"replies":[{"embeddable":true,"href":"https:\/\/agiravecvouspourlequesnoy.fr\/index.php?rest_route=%2Fwp%2Fv2%2Fcomments&post=6"}],"version-history":[{"count":46,"href":"https:\/\/agiravecvouspourlequesnoy.fr\/index.php?rest_route=\/wp\/v2\/pages\/6\/revisions"}],"predecessor-version":[{"id":1197,"href":"https:\/\/agiravecvouspourlequesnoy.fr\/index.php?rest_route=\/wp\/v2\/pages\/6\/revisions\/1197"}],"wp:attachment":[{"href":"https:\/\/agiravecvouspourlequesnoy.fr\/index.php?rest_route=%2Fwp%2Fv2%2Fmedia&parent=6"}],"curies":[{"name":"wp","href":"https:\/\/api.w.org\/{rel}","templated":true}]}}